{"id":885,"date":"2022-01-09T10:42:50","date_gmt":"2022-01-09T09:42:50","guid":{"rendered":"https:\/\/battleofcolor.com\/?page_id=885"},"modified":"2022-01-09T15:57:34","modified_gmt":"2022-01-09T14:57:34","slug":"theatre-de-lumiere-noire","status":"publish","type":"page","link":"https:\/\/battleofcolor.com\/index.php\/theatre-de-lumiere-noire\/","title":{"rendered":"Th\u00e9\u00e2tre de lumi\u00e8re noire"},"content":{"rendered":"\n<p>Une activit\u00e9 artistique originale pour les centres de loisirs : d\u00e9couvrez le th\u00e9\u00e2tre de lumi\u00e8re noire. <\/p>\n\n\n\n<p>L&rsquo;activit\u00e9 se passe en deux temps, le matin les enfants d\u00e9cident d&rsquo;une th\u00e9matique de pi\u00e8ce de th\u00e9\u00e2tre et vont cr\u00e9er un mini-sc\u00e9nario. Nous emmenons tout le mat\u00e9riel n\u00e9cessaire pour cr\u00e9er les accessoires qui serviront \u00e0 la repr\u00e9sentation. <\/p>\n\n\n\n<p>Les accessoires seront peints en peintures fluorescentes, fournies par nos soins.<\/p>\n\n\n\n<div class=\"wp-block-columns is-layout-flex wp-container-core-columns-layout-1 wp-block-columns-is-layout-flex\">\n<div class=\"wp-block-column is-layout-flow wp-block-column-is-layout-flow\">\n<figure class=\"wp-block-image size-large\"><img fetchpriority=\"high\" decoding=\"async\" width=\"1024\" height=\"629\" src=\"https:\/\/battleofcolor.com\/wp-content\/uploads\/2022\/01\/theatre-idee-artistique-centre-loisirs-1024x629.jpg\" alt=\"\" class=\"wp-image-990\" srcset=\"https:\/\/battleofcolor.com\/wp-content\/uploads\/2022\/01\/theatre-idee-artistique-centre-loisirs-1024x629.jpg 1024w, https:\/\/battleofcolor.com\/wp-content\/uploads\/2022\/01\/theatre-idee-artistique-centre-loisirs-300x184.jpg 300w, https:\/\/battleofcolor.com\/wp-content\/uploads\/2022\/01\/theatre-idee-artistique-centre-loisirs-768x472.jpg 768w, https:\/\/battleofcolor.com\/wp-content\/uploads\/2022\/01\/theatre-idee-artistique-centre-loisirs.jpg 1253w\" sizes=\"(max-width: 1024px) 100vw, 1024px\" \/><\/figure>\n<\/div>\n\n\n\n<div class=\"wp-block-column is-layout-flow wp-block-column-is-layout-flow\">\n<figure class=\"wp-block-image size-large\"><img decoding=\"async\" width=\"1024\" height=\"683\" src=\"https:\/\/battleofcolor.com\/wp-content\/uploads\/2022\/01\/Theatre-centre-loisirs-activite-artistique-1024x683.jpg\" alt=\"\" class=\"wp-image-987\" srcset=\"https:\/\/battleofcolor.com\/wp-content\/uploads\/2022\/01\/Theatre-centre-loisirs-activite-artistique-1024x683.jpg 1024w, https:\/\/battleofcolor.com\/wp-content\/uploads\/2022\/01\/Theatre-centre-loisirs-activite-artistique-300x200.jpg 300w, https:\/\/battleofcolor.com\/wp-content\/uploads\/2022\/01\/Theatre-centre-loisirs-activite-artistique-768x512.jpg 768w, https:\/\/battleofcolor.com\/wp-content\/uploads\/2022\/01\/Theatre-centre-loisirs-activite-artistique-1536x1024.jpg 1536w, https:\/\/battleofcolor.com\/wp-content\/uploads\/2022\/01\/Theatre-centre-loisirs-activite-artistique-2048x1365.jpg 2048w\" sizes=\"(max-width: 1024px) 100vw, 1024px\" \/><\/figure>\n<\/div>\n\n\n\n<div class=\"wp-block-column is-layout-flow wp-block-column-is-layout-flow\">\n<figure class=\"wp-block-image size-full\"><img decoding=\"async\" width=\"934\" height=\"873\" src=\"https:\/\/battleofcolor.com\/wp-content\/uploads\/2022\/01\/Theatre-artistique-lumiere-noire-centre-loisirs-enfants.jpg\" alt=\"\" class=\"wp-image-985\" srcset=\"https:\/\/battleofcolor.com\/wp-content\/uploads\/2022\/01\/Theatre-artistique-lumiere-noire-centre-loisirs-enfants.jpg 934w, https:\/\/battleofcolor.com\/wp-content\/uploads\/2022\/01\/Theatre-artistique-lumiere-noire-centre-loisirs-enfants-300x280.jpg 300w, https:\/\/battleofcolor.com\/wp-content\/uploads\/2022\/01\/Theatre-artistique-lumiere-noire-centre-loisirs-enfants-768x718.jpg 768w\" sizes=\"(max-width: 934px) 100vw, 934px\" \/><\/figure>\n<\/div>\n<\/div>\n\n\n\n<p>Nous avons besoin le jour de l&rsquo;animation d&rsquo;une salle pouvant \u00eatre plong\u00e9e dans le noir et que les enfants soient habill\u00e9s le plus sombrement possible. <\/p>\n\n\n\n<p>L&rsquo;apr\u00e8s-midi, sous spots de lumi\u00e8re noire avec un fond de sc\u00e8ne tout aussi noir, on filmera les pi\u00e8ces de th\u00e9\u00e2tre. <\/p>\n\n\n\n<p>Le rendu final donne l&rsquo;impression que les objets flottent en l&rsquo;air tous seuls de mani\u00e8re f\u00e9erique et fantasmagorique. <\/p>\n\n\n\n<p>Les vid\u00e9os finales retravaill\u00e9es sont envoy\u00e9es quelques jours apr\u00e8s au centre afin que les enfants puissent les partager.<\/p>\n\n\n\n<div class=\"wp-block-columns is-layout-flex wp-container-core-columns-layout-2 wp-block-columns-is-layout-flex\">\n<div class=\"wp-block-column is-layout-flow wp-block-column-is-layout-flow\">\n<figure class=\"wp-block-image size-large\"><img loading=\"lazy\" decoding=\"async\" width=\"1024\" height=\"653\" src=\"https:\/\/battleofcolor.com\/wp-content\/uploads\/2022\/01\/Theatre-CLSH-animation-enfant-1024x653.jpg\" alt=\"\" class=\"wp-image-989\" srcset=\"https:\/\/battleofcolor.com\/wp-content\/uploads\/2022\/01\/Theatre-CLSH-animation-enfant-1024x653.jpg 1024w, https:\/\/battleofcolor.com\/wp-content\/uploads\/2022\/01\/Theatre-CLSH-animation-enfant-300x191.jpg 300w, https:\/\/battleofcolor.com\/wp-content\/uploads\/2022\/01\/Theatre-CLSH-animation-enfant-768x490.jpg 768w, https:\/\/battleofcolor.com\/wp-content\/uploads\/2022\/01\/Theatre-CLSH-animation-enfant.jpg 1314w\" sizes=\"(max-width: 1024px) 100vw, 1024px\" \/><\/figure>\n<\/div>\n\n\n\n<div class=\"wp-block-column is-layout-flow wp-block-column-is-layout-flow\">\n<figure class=\"wp-block-image size-large\"><img loading=\"lazy\" decoding=\"async\" width=\"1024\" height=\"548\" src=\"https:\/\/battleofcolor.com\/wp-content\/uploads\/2022\/01\/Theatre-centre-de-loisirs-original-1024x548.jpg\" alt=\"\" class=\"wp-image-986\" srcset=\"https:\/\/battleofcolor.com\/wp-content\/uploads\/2022\/01\/Theatre-centre-de-loisirs-original-1024x548.jpg 1024w, https:\/\/battleofcolor.com\/wp-content\/uploads\/2022\/01\/Theatre-centre-de-loisirs-original-300x161.jpg 300w, https:\/\/battleofcolor.com\/wp-content\/uploads\/2022\/01\/Theatre-centre-de-loisirs-original-768x411.jpg 768w, https:\/\/battleofcolor.com\/wp-content\/uploads\/2022\/01\/Theatre-centre-de-loisirs-original.jpg 1170w\" sizes=\"(max-width: 1024px) 100vw, 1024px\" \/><\/figure>\n<\/div>\n\n\n\n<div class=\"wp-block-column is-layout-flow wp-block-column-is-layout-flow\">\n<figure class=\"wp-block-image size-full\"><img loading=\"lazy\" decoding=\"async\" width=\"882\" height=\"611\" src=\"https:\/\/battleofcolor.com\/wp-content\/uploads\/2022\/01\/Theatre-centre-loisirs-animation.jpg\" alt=\"\" class=\"wp-image-988\" srcset=\"https:\/\/battleofcolor.com\/wp-content\/uploads\/2022\/01\/Theatre-centre-loisirs-animation.jpg 882w, https:\/\/battleofcolor.com\/wp-content\/uploads\/2022\/01\/Theatre-centre-loisirs-animation-300x208.jpg 300w, https:\/\/battleofcolor.com\/wp-content\/uploads\/2022\/01\/Theatre-centre-loisirs-animation-768x532.jpg 768w\" sizes=\"(max-width: 882px) 100vw, 882px\" \/><\/figure>\n<\/div>\n<\/div>\n","protected":false},"excerpt":{"rendered":"<p>Une activit\u00e9 artistique originale pour les centres de loisirs : d\u00e9couvrez le th\u00e9\u00e2tre de lumi\u00e8re noire. L&rsquo;activit\u00e9 se passe en deux temps, le matin les enfants d\u00e9cident d&rsquo;une th\u00e9matique de pi\u00e8ce de th\u00e9\u00e2tre et vont cr\u00e9er un mini-sc\u00e9nario. Nous emmenons tout le mat\u00e9riel n\u00e9cessaire pour cr\u00e9er les accessoires qui serviront \u00e0 la repr\u00e9sentation. Les accessoires [&hellip;]<\/p>\n","protected":false},"author":1,"featured_media":0,"parent":0,"menu_order":0,"comment_status":"closed","ping_status":"closed","template":"","meta":{"footnotes":""},"yoast_head":"<!-- This site is optimized with the Yoast SEO plugin v23.5 - https:\/\/yoast.com\/wordpress\/plugins\/seo\/ -->\n<title>Th\u00e9\u00e2tre de lumi\u00e8re noire - Battle Of Color<\/title>\n<meta name=\"description\" content=\"Une activit\u00e9 artistique originale pour les centres de loisirs! D\u00e9couvrez le th\u00e9\u00e2tre de lumi\u00e8re noire, totalement fantasmagorique!\" \/>\n<meta name=\"robots\" content=\"index, follow, max-snippet:-1, max-image-preview:large, max-video-preview:-1\" \/>\n<link rel=\"canonical\" href=\"https:\/\/battleofcolor.com\/index.php\/theatre-de-lumiere-noire\/\" \/>\n<meta property=\"og:locale\" content=\"fr_FR\" \/>\n<meta property=\"og:type\" content=\"article\" \/>\n<meta property=\"og:title\" content=\"Th\u00e9\u00e2tre de lumi\u00e8re noire - Battle Of Color\" \/>\n<meta property=\"og:description\" content=\"Une activit\u00e9 artistique originale pour les centres de loisirs! D\u00e9couvrez le th\u00e9\u00e2tre de lumi\u00e8re noire, totalement fantasmagorique!\" \/>\n<meta property=\"og:url\" content=\"https:\/\/battleofcolor.com\/index.php\/theatre-de-lumiere-noire\/\" \/>\n<meta property=\"og:site_name\" content=\"Battle Of Color\" \/>\n<meta property=\"article:modified_time\" content=\"2022-01-09T14:57:34+00:00\" \/>\n<meta property=\"og:image\" content=\"http:\/\/battleofcolor.com\/wp-content\/uploads\/2022\/01\/theatre-idee-artistique-centre-loisirs-1024x629.jpg\" \/>\n<meta name=\"twitter:card\" content=\"summary_large_image\" \/>\n<meta name=\"twitter:label1\" content=\"Dur\u00e9e de lecture estim\u00e9e\" \/>\n\t<meta name=\"twitter:data1\" content=\"2 minutes\" \/>\n<script type=\"application\/ld+json\" class=\"yoast-schema-graph\">{\"@context\":\"https:\/\/schema.org\",\"@graph\":[{\"@type\":\"WebPage\",\"@id\":\"https:\/\/battleofcolor.com\/index.php\/theatre-de-lumiere-noire\/\",\"url\":\"https:\/\/battleofcolor.com\/index.php\/theatre-de-lumiere-noire\/\",\"name\":\"Th\u00e9\u00e2tre de lumi\u00e8re noire - Battle Of Color\",\"isPartOf\":{\"@id\":\"https:\/\/battleofcolor.com\/#website\"},\"primaryImageOfPage\":{\"@id\":\"https:\/\/battleofcolor.com\/index.php\/theatre-de-lumiere-noire\/#primaryimage\"},\"image\":{\"@id\":\"https:\/\/battleofcolor.com\/index.php\/theatre-de-lumiere-noire\/#primaryimage\"},\"thumbnailUrl\":\"http:\/\/battleofcolor.com\/wp-content\/uploads\/2022\/01\/theatre-idee-artistique-centre-loisirs-1024x629.jpg\",\"datePublished\":\"2022-01-09T09:42:50+00:00\",\"dateModified\":\"2022-01-09T14:57:34+00:00\",\"description\":\"Une activit\u00e9 artistique originale pour les centres de loisirs! D\u00e9couvrez le th\u00e9\u00e2tre de lumi\u00e8re noire, totalement fantasmagorique!\",\"breadcrumb\":{\"@id\":\"https:\/\/battleofcolor.com\/index.php\/theatre-de-lumiere-noire\/#breadcrumb\"},\"inLanguage\":\"fr-FR\",\"potentialAction\":[{\"@type\":\"ReadAction\",\"target\":[\"https:\/\/battleofcolor.com\/index.php\/theatre-de-lumiere-noire\/\"]}]},{\"@type\":\"ImageObject\",\"inLanguage\":\"fr-FR\",\"@id\":\"https:\/\/battleofcolor.com\/index.php\/theatre-de-lumiere-noire\/#primaryimage\",\"url\":\"http:\/\/battleofcolor.com\/wp-content\/uploads\/2022\/01\/theatre-idee-artistique-centre-loisirs-1024x629.jpg\",\"contentUrl\":\"http:\/\/battleofcolor.com\/wp-content\/uploads\/2022\/01\/theatre-idee-artistique-centre-loisirs-1024x629.jpg\"},{\"@type\":\"BreadcrumbList\",\"@id\":\"https:\/\/battleofcolor.com\/index.php\/theatre-de-lumiere-noire\/#breadcrumb\",\"itemListElement\":[{\"@type\":\"ListItem\",\"position\":1,\"name\":\"Accueil\",\"item\":\"https:\/\/battleofcolor.com\/\"},{\"@type\":\"ListItem\",\"position\":2,\"name\":\"Th\u00e9\u00e2tre de lumi\u00e8re noire\"}]},{\"@type\":\"WebSite\",\"@id\":\"https:\/\/battleofcolor.com\/#website\",\"url\":\"https:\/\/battleofcolor.com\/\",\"name\":\"Battle Of Color\",\"description\":\"Animations pour centres de loisirs et m\u00e9di\u00e9vales\",\"publisher\":{\"@id\":\"https:\/\/battleofcolor.com\/#organization\"},\"potentialAction\":[{\"@type\":\"SearchAction\",\"target\":{\"@type\":\"EntryPoint\",\"urlTemplate\":\"https:\/\/battleofcolor.com\/?s={search_term_string}\"},\"query-input\":{\"@type\":\"PropertyValueSpecification\",\"valueRequired\":true,\"valueName\":\"search_term_string\"}}],\"inLanguage\":\"fr-FR\"},{\"@type\":\"Organization\",\"@id\":\"https:\/\/battleofcolor.com\/#organization\",\"name\":\"Battle Of Color\",\"url\":\"https:\/\/battleofcolor.com\/\",\"logo\":{\"@type\":\"ImageObject\",\"inLanguage\":\"fr-FR\",\"@id\":\"https:\/\/battleofcolor.com\/#\/schema\/logo\/image\/\",\"url\":\"https:\/\/battleofcolor.com\/wp-content\/uploads\/2017\/08\/cropped-cropped-cropped-logo.jpg\",\"contentUrl\":\"https:\/\/battleofcolor.com\/wp-content\/uploads\/2017\/08\/cropped-cropped-cropped-logo.jpg\",\"width\":200,\"height\":200,\"caption\":\"Battle Of Color\"},\"image\":{\"@id\":\"https:\/\/battleofcolor.com\/#\/schema\/logo\/image\/\"}}]}<\/script>\n<!-- \/ Yoast SEO plugin. -->","yoast_head_json":{"title":"Th\u00e9\u00e2tre de lumi\u00e8re noire - Battle Of Color","description":"Une activit\u00e9 artistique originale pour les centres de loisirs! D\u00e9couvrez le th\u00e9\u00e2tre de lumi\u00e8re noire, totalement fantasmagorique!","robots":{"index":"index","follow":"follow","max-snippet":"max-snippet:-1","max-image-preview":"max-image-preview:large","max-video-preview":"max-video-preview:-1"},"canonical":"https:\/\/battleofcolor.com\/index.php\/theatre-de-lumiere-noire\/","og_locale":"fr_FR","og_type":"article","og_title":"Th\u00e9\u00e2tre de lumi\u00e8re noire - Battle Of Color","og_description":"Une activit\u00e9 artistique originale pour les centres de loisirs! D\u00e9couvrez le th\u00e9\u00e2tre de lumi\u00e8re noire, totalement fantasmagorique!","og_url":"https:\/\/battleofcolor.com\/index.php\/theatre-de-lumiere-noire\/","og_site_name":"Battle Of Color","article_modified_time":"2022-01-09T14:57:34+00:00","og_image":[{"url":"http:\/\/battleofcolor.com\/wp-content\/uploads\/2022\/01\/theatre-idee-artistique-centre-loisirs-1024x629.jpg"}],"twitter_card":"summary_large_image","twitter_misc":{"Dur\u00e9e de lecture estim\u00e9e":"2 minutes"},"schema":{"@context":"https:\/\/schema.org","@graph":[{"@type":"WebPage","@id":"https:\/\/battleofcolor.com\/index.php\/theatre-de-lumiere-noire\/","url":"https:\/\/battleofcolor.com\/index.php\/theatre-de-lumiere-noire\/","name":"Th\u00e9\u00e2tre de lumi\u00e8re noire - Battle Of Color","isPartOf":{"@id":"https:\/\/battleofcolor.com\/#website"},"primaryImageOfPage":{"@id":"https:\/\/battleofcolor.com\/index.php\/theatre-de-lumiere-noire\/#primaryimage"},"image":{"@id":"https:\/\/battleofcolor.com\/index.php\/theatre-de-lumiere-noire\/#primaryimage"},"thumbnailUrl":"http:\/\/battleofcolor.com\/wp-content\/uploads\/2022\/01\/theatre-idee-artistique-centre-loisirs-1024x629.jpg","datePublished":"2022-01-09T09:42:50+00:00","dateModified":"2022-01-09T14:57:34+00:00","description":"Une activit\u00e9 artistique originale pour les centres de loisirs! D\u00e9couvrez le th\u00e9\u00e2tre de lumi\u00e8re noire, totalement fantasmagorique!","breadcrumb":{"@id":"https:\/\/battleofcolor.com\/index.php\/theatre-de-lumiere-noire\/#breadcrumb"},"inLanguage":"fr-FR","potentialAction":[{"@type":"ReadAction","target":["https:\/\/battleofcolor.com\/index.php\/theatre-de-lumiere-noire\/"]}]},{"@type":"ImageObject","inLanguage":"fr-FR","@id":"https:\/\/battleofcolor.com\/index.php\/theatre-de-lumiere-noire\/#primaryimage","url":"http:\/\/battleofcolor.com\/wp-content\/uploads\/2022\/01\/theatre-idee-artistique-centre-loisirs-1024x629.jpg","contentUrl":"http:\/\/battleofcolor.com\/wp-content\/uploads\/2022\/01\/theatre-idee-artistique-centre-loisirs-1024x629.jpg"},{"@type":"BreadcrumbList","@id":"https:\/\/battleofcolor.com\/index.php\/theatre-de-lumiere-noire\/#breadcrumb","itemListElement":[{"@type":"ListItem","position":1,"name":"Accueil","item":"https:\/\/battleofcolor.com\/"},{"@type":"ListItem","position":2,"name":"Th\u00e9\u00e2tre de lumi\u00e8re noire"}]},{"@type":"WebSite","@id":"https:\/\/battleofcolor.com\/#website","url":"https:\/\/battleofcolor.com\/","name":"Battle Of Color","description":"Animations pour centres de loisirs et m\u00e9di\u00e9vales","publisher":{"@id":"https:\/\/battleofcolor.com\/#organization"},"potentialAction":[{"@type":"SearchAction","target":{"@type":"EntryPoint","urlTemplate":"https:\/\/battleofcolor.com\/?s={search_term_string}"},"query-input":{"@type":"PropertyValueSpecification","valueRequired":true,"valueName":"search_term_string"}}],"inLanguage":"fr-FR"},{"@type":"Organization","@id":"https:\/\/battleofcolor.com\/#organization","name":"Battle Of Color","url":"https:\/\/battleofcolor.com\/","logo":{"@type":"ImageObject","inLanguage":"fr-FR","@id":"https:\/\/battleofcolor.com\/#\/schema\/logo\/image\/","url":"https:\/\/battleofcolor.com\/wp-content\/uploads\/2017\/08\/cropped-cropped-cropped-logo.jpg","contentUrl":"https:\/\/battleofcolor.com\/wp-content\/uploads\/2017\/08\/cropped-cropped-cropped-logo.jpg","width":200,"height":200,"caption":"Battle Of Color"},"image":{"@id":"https:\/\/battleofcolor.com\/#\/schema\/logo\/image\/"}}]}},"_links":{"self":[{"href":"https:\/\/battleofcolor.com\/index.php\/wp-json\/wp\/v2\/pages\/885"}],"collection":[{"href":"https:\/\/battleofcolor.com\/index.php\/wp-json\/wp\/v2\/pages"}],"about":[{"href":"https:\/\/battleofcolor.com\/index.php\/wp-json\/wp\/v2\/types\/page"}],"author":[{"embeddable":true,"href":"https:\/\/battleofcolor.com\/index.php\/wp-json\/wp\/v2\/users\/1"}],"replies":[{"embeddable":true,"href":"https:\/\/battleofcolor.com\/index.php\/wp-json\/wp\/v2\/comments?post=885"}],"version-history":[{"count":2,"href":"https:\/\/battleofcolor.com\/index.php\/wp-json\/wp\/v2\/pages\/885\/revisions"}],"predecessor-version":[{"id":991,"href":"https:\/\/battleofcolor.com\/index.php\/wp-json\/wp\/v2\/pages\/885\/revisions\/991"}],"wp:attachment":[{"href":"https:\/\/battleofcolor.com\/index.php\/wp-json\/wp\/v2\/media?parent=885"}],"curies":[{"name":"wp","href":"https:\/\/api.w.org\/{rel}","templated":true}]}}