{"id":879,"date":"2022-01-09T10:41:15","date_gmt":"2022-01-09T09:41:15","guid":{"rendered":"https:\/\/battleofcolor.com\/?page_id=879"},"modified":"2024-01-01T19:06:37","modified_gmt":"2024-01-01T18:06:37","slug":"grand-tournoi","status":"publish","type":"page","link":"https:\/\/battleofcolor.com\/index.php\/grand-tournoi\/","title":{"rendered":"Grand tournoi"},"content":{"rendered":"\t\t<div data-elementor-type=\"wp-page\" data-elementor-id=\"879\" class=\"elementor elementor-879\" data-elementor-post-type=\"page\">\n\t\t\t\t<div class=\"elementor-element elementor-element-6db50ecf e-con-full e-flex e-con e-parent\" data-id=\"6db50ecf\" data-element_type=\"container\" data-settings=\"{&quot;background_background&quot;:&quot;classic&quot;}\">\n\t\t<div class=\"elementor-element elementor-element-727b51e1 e-flex e-con-boxed e-con e-child\" data-id=\"727b51e1\" data-element_type=\"container\">\n\t\t\t\t\t<div class=\"e-con-inner\">\n\t\t\t\t<div class=\"elementor-element elementor-element-3ce4b7a animated-slow elementor-invisible elementor-widget elementor-widget-heading\" data-id=\"3ce4b7a\" data-element_type=\"widget\" data-settings=\"{&quot;_animation&quot;:&quot;slideInUp&quot;}\" data-widget_type=\"heading.default\">\n\t\t\t\t<div class=\"elementor-widget-container\">\n\t\t\t<style>\/*! elementor - v3.22.0 - 17-06-2024 *\/\n.elementor-heading-title{padding:0;margin:0;line-height:1}.elementor-widget-heading .elementor-heading-title[class*=elementor-size-]>a{color:inherit;font-size:inherit;line-height:inherit}.elementor-widget-heading .elementor-heading-title.elementor-size-small{font-size:15px}.elementor-widget-heading .elementor-heading-title.elementor-size-medium{font-size:19px}.elementor-widget-heading .elementor-heading-title.elementor-size-large{font-size:29px}.elementor-widget-heading .elementor-heading-title.elementor-size-xl{font-size:39px}.elementor-widget-heading .elementor-heading-title.elementor-size-xxl{font-size:59px}<\/style><h2 class=\"elementor-heading-title elementor-size-default\">Notre activit\u00e9 de grand tournoi m\u00e9di\u00e9val propose des jeux en \u00e9quipe au cours  de grands jeux. Tous les \u00e9quipements utilis\u00e9s sont en mousse et des r\u00e8gles de s\u00e9curit\u00e9 sont appliqu\u00e9es de mani\u00e8re \u00e0 ce que l'activit\u00e9 soit la plus ludique possible. <\/h2>\t\t<\/div>\n\t\t\t\t<\/div>\n\t\t\t\t<div class=\"elementor-element elementor-element-3dd4e72f animated-slow elementor-invisible elementor-widget elementor-widget-heading\" data-id=\"3dd4e72f\" data-element_type=\"widget\" data-settings=\"{&quot;_animation&quot;:&quot;slideInUp&quot;}\" data-widget_type=\"heading.default\">\n\t\t\t\t<div class=\"elementor-widget-container\">\n\t\t\t<h2 class=\"elementor-heading-title elementor-size-default\">Grand tournoi m\u00e9di\u00e9val <\/h2>\t\t<\/div>\n\t\t\t\t<\/div>\n\t\t\t\t\t<\/div>\n\t\t\t\t<\/div>\n\t\t<div class=\"elementor-element elementor-element-aff58d7 e-con-full e-flex e-con e-child\" data-id=\"aff58d7\" data-element_type=\"container\">\n\t\t<div class=\"elementor-element elementor-element-6d556c26 animated-slow e-con-full e-flex elementor-invisible e-con e-child\" data-id=\"6d556c26\" data-element_type=\"container\" data-settings=\"{&quot;background_background&quot;:&quot;classic&quot;,&quot;animation&quot;:&quot;fadeInUp&quot;,&quot;animation_delay&quot;:600}\">\n\t\t\t\t<\/div>\n\t\t<div class=\"elementor-element elementor-element-1a17893d e-con-full e-flex e-con e-child\" data-id=\"1a17893d\" data-element_type=\"container\">\n\t\t\t\t<div class=\"elementor-element elementor-element-4f485bec elementor-widget elementor-widget-text-editor\" data-id=\"4f485bec\" data-element_type=\"widget\" data-widget_type=\"text-editor.default\">\n\t\t\t\t<div class=\"elementor-widget-container\">\n\t\t\t<style>\/*! elementor - v3.22.0 - 17-06-2024 *\/\n.elementor-widget-text-editor.elementor-drop-cap-view-stacked .elementor-drop-cap{background-color:#69727d;color:#fff}.elementor-widget-text-editor.elementor-drop-cap-view-framed .elementor-drop-cap{color:#69727d;border:3px solid;background-color:transparent}.elementor-widget-text-editor:not(.elementor-drop-cap-view-default) .elementor-drop-cap{margin-top:8px}.elementor-widget-text-editor:not(.elementor-drop-cap-view-default) .elementor-drop-cap-letter{width:1em;height:1em}.elementor-widget-text-editor .elementor-drop-cap{float:left;text-align:center;line-height:1;font-size:50px}.elementor-widget-text-editor .elementor-drop-cap-letter{display:inline-block}<\/style>\t\t\t\t<p>Les \u00e9quipes devront accomplir des \u00e9preuves pour pouvoir devenir des chevaliers. Au programme un vrai tournoi avec plein d&rsquo;objectifs diff\u00e9rents et de grands jeux faisant appel aux diff\u00e9rentes qualit\u00e9s des enfants. <\/p>\t\t\t\t\t\t<\/div>\n\t\t\t\t<\/div>\n\t\t<div class=\"elementor-element elementor-element-31e2aff9 e-con-full e-flex e-con e-child\" data-id=\"31e2aff9\" data-element_type=\"container\">\n\t\t\t\t<div class=\"elementor-element elementor-element-515d2f09 elementor-widget__width-inherit elementor-widget-mobile__width-inherit elementor-icon-list--layout-traditional elementor-list-item-link-full_width elementor-widget elementor-widget-icon-list\" data-id=\"515d2f09\" data-element_type=\"widget\" data-widget_type=\"icon-list.default\">\n\t\t\t\t<div class=\"elementor-widget-container\">\n\t\t\t<link rel=\"stylesheet\" href=\"https:\/\/battleofcolor.com\/wp-content\/plugins\/elementor\/assets\/css\/widget-icon-list.min.css\">\t\t<ul class=\"elementor-icon-list-items\">\n\t\t\t\t\t\t\t<li class=\"elementor-icon-list-item\">\n\t\t\t\t\t\t\t\t\t\t\t<span class=\"elementor-icon-list-icon\">\n\t\t\t\t\t\t\t<svg aria-hidden=\"true\" class=\"e-font-icon-svg e-fas-check\" viewBox=\"0 0 512 512\" xmlns=\"http:\/\/www.w3.org\/2000\/svg\"><path d=\"M173.898 439.404l-166.4-166.4c-9.997-9.997-9.997-26.206 0-36.204l36.203-36.204c9.997-9.998 26.207-9.998 36.204 0L192 312.69 432.095 72.596c9.997-9.997 26.207-9.997 36.204 0l36.203 36.204c9.997 9.997 9.997 26.206 0 36.204l-294.4 294.401c-9.998 9.997-26.207 9.997-36.204-.001z\"><\/path><\/svg>\t\t\t\t\t\t<\/span>\n\t\t\t\t\t\t\t\t\t\t<span class=\"elementor-icon-list-text\">Version sp\u00e9ciale 3-6 ans<\/span>\n\t\t\t\t\t\t\t\t\t<\/li>\n\t\t\t\t\t\t\t\t<li class=\"elementor-icon-list-item\">\n\t\t\t\t\t\t\t\t\t\t\t<span class=\"elementor-icon-list-icon\">\n\t\t\t\t\t\t\t<svg aria-hidden=\"true\" class=\"e-font-icon-svg e-fas-check\" viewBox=\"0 0 512 512\" xmlns=\"http:\/\/www.w3.org\/2000\/svg\"><path d=\"M173.898 439.404l-166.4-166.4c-9.997-9.997-9.997-26.206 0-36.204l36.203-36.204c9.997-9.998 26.207-9.998 36.204 0L192 312.69 432.095 72.596c9.997-9.997 26.207-9.997 36.204 0l36.203 36.204c9.997 9.997 9.997 26.206 0 36.204l-294.4 294.401c-9.998 9.997-26.207 9.997-36.204-.001z\"><\/path><\/svg>\t\t\t\t\t\t<\/span>\n\t\t\t\t\t\t\t\t\t\t<span class=\"elementor-icon-list-text\">De 16 \u00e0 200 participants<\/span>\n\t\t\t\t\t\t\t\t\t<\/li>\n\t\t\t\t\t\t\t\t<li class=\"elementor-icon-list-item\">\n\t\t\t\t\t\t\t\t\t\t\t<span class=\"elementor-icon-list-icon\">\n\t\t\t\t\t\t\t<svg aria-hidden=\"true\" class=\"e-font-icon-svg e-fas-check\" viewBox=\"0 0 512 512\" xmlns=\"http:\/\/www.w3.org\/2000\/svg\"><path d=\"M173.898 439.404l-166.4-166.4c-9.997-9.997-9.997-26.206 0-36.204l36.203-36.204c9.997-9.998 26.207-9.998 36.204 0L192 312.69 432.095 72.596c9.997-9.997 26.207-9.997 36.204 0l36.203 36.204c9.997 9.997 9.997 26.206 0 36.204l-294.4 294.401c-9.998 9.997-26.207 9.997-36.204-.001z\"><\/path><\/svg>\t\t\t\t\t\t<\/span>\n\t\t\t\t\t\t\t\t\t\t<span class=\"elementor-icon-list-text\">Version tournoi sc\u00e9naris\u00e9 avec partie jeu de r\u00f4le<\/span>\n\t\t\t\t\t\t\t\t\t<\/li>\n\t\t\t\t\t\t<\/ul>\n\t\t\t\t<\/div>\n\t\t\t\t<\/div>\n\t\t\t\t<div class=\"elementor-element elementor-element-5635062 elementor-widget__width-inherit elementor-widget-mobile__width-inherit elementor-icon-list--layout-traditional elementor-list-item-link-full_width elementor-widget elementor-widget-icon-list\" data-id=\"5635062\" data-element_type=\"widget\" data-widget_type=\"icon-list.default\">\n\t\t\t\t<div class=\"elementor-widget-container\">\n\t\t\t\t\t<ul class=\"elementor-icon-list-items\">\n\t\t\t\t\t\t\t<li class=\"elementor-icon-list-item\">\n\t\t\t\t\t\t\t\t\t\t\t<span class=\"elementor-icon-list-icon\">\n\t\t\t\t\t\t\t<svg aria-hidden=\"true\" class=\"e-font-icon-svg e-fas-check\" viewBox=\"0 0 512 512\" xmlns=\"http:\/\/www.w3.org\/2000\/svg\"><path d=\"M173.898 439.404l-166.4-166.4c-9.997-9.997-9.997-26.206 0-36.204l36.203-36.204c9.997-9.998 26.207-9.998 36.204 0L192 312.69 432.095 72.596c9.997-9.997 26.207-9.997 36.204 0l36.203 36.204c9.997 9.997 9.997 26.206 0 36.204l-294.4 294.401c-9.998 9.997-26.207 9.997-36.204-.001z\"><\/path><\/svg>\t\t\t\t\t\t<\/span>\n\t\t\t\t\t\t\t\t\t\t<span class=\"elementor-icon-list-text\">armes en mousse s\u00e9curis\u00e9es<\/span>\n\t\t\t\t\t\t\t\t\t<\/li>\n\t\t\t\t\t\t\t\t<li class=\"elementor-icon-list-item\">\n\t\t\t\t\t\t\t\t\t\t\t<span class=\"elementor-icon-list-icon\">\n\t\t\t\t\t\t\t<svg aria-hidden=\"true\" class=\"e-font-icon-svg e-fas-check\" viewBox=\"0 0 512 512\" xmlns=\"http:\/\/www.w3.org\/2000\/svg\"><path d=\"M173.898 439.404l-166.4-166.4c-9.997-9.997-9.997-26.206 0-36.204l36.203-36.204c9.997-9.998 26.207-9.998 36.204 0L192 312.69 432.095 72.596c9.997-9.997 26.207-9.997 36.204 0l36.203 36.204c9.997 9.997 9.997 26.206 0 36.204l-294.4 294.401c-9.998 9.997-26.207 9.997-36.204-.001z\"><\/path><\/svg>\t\t\t\t\t\t<\/span>\n\t\t\t\t\t\t\t\t\t\t<span class=\"elementor-icon-list-text\">animateur professionnel<\/span>\n\t\t\t\t\t\t\t\t\t<\/li>\n\t\t\t\t\t\t\t\t<li class=\"elementor-icon-list-item\">\n\t\t\t\t\t\t\t\t\t\t\t<span class=\"elementor-icon-list-icon\">\n\t\t\t\t\t\t\t<svg aria-hidden=\"true\" class=\"e-font-icon-svg e-fas-check\" viewBox=\"0 0 512 512\" xmlns=\"http:\/\/www.w3.org\/2000\/svg\"><path d=\"M173.898 439.404l-166.4-166.4c-9.997-9.997-9.997-26.206 0-36.204l36.203-36.204c9.997-9.998 26.207-9.998 36.204 0L192 312.69 432.095 72.596c9.997-9.997 26.207-9.997 36.204 0l36.203 36.204c9.997 9.997 9.997 26.206 0 36.204l-294.4 294.401c-9.998 9.997-26.207 9.997-36.204-.001z\"><\/path><\/svg>\t\t\t\t\t\t<\/span>\n\t\t\t\t\t\t\t\t\t\t<span class=\"elementor-icon-list-text\">possibilit\u00e9 de r\u00e9compenses : images th\u00e9matiques, certificat de chevalier, m\u00e9dailles<\/span>\n\t\t\t\t\t\t\t\t\t<\/li>\n\t\t\t\t\t\t<\/ul>\n\t\t\t\t<\/div>\n\t\t\t\t<\/div>\n\t\t\t\t<\/div>\n\t\t<div class=\"elementor-element elementor-element-7217a25d e-con-full e-flex e-con e-child\" data-id=\"7217a25d\" data-element_type=\"container\">\n\t\t\t\t<div class=\"elementor-element elementor-element-644db34c elementor-widget__width-initial elementor-widget-mobile__width-inherit elementor-widget elementor-widget-icon-box\" data-id=\"644db34c\" data-element_type=\"widget\" data-widget_type=\"icon-box.default\">\n\t\t\t\t<div class=\"elementor-widget-container\">\n\t\t\t<link rel=\"stylesheet\" href=\"https:\/\/battleofcolor.com\/wp-content\/plugins\/elementor\/assets\/css\/widget-icon-box.min.css\">\t\t<div class=\"elementor-icon-box-wrapper\">\n\n\t\t\t\n\t\t\t\t\t\t<div class=\"elementor-icon-box-content\">\n\n\t\t\t\t\t\t\t\t\t<h3 class=\"elementor-icon-box-title\">\n\t\t\t\t\t\t<span  >\n\t\t\t\t\t\t\tdur\u00e9e\t\t\t\t\t\t<\/span>\n\t\t\t\t\t<\/h3>\n\t\t\t\t\n\t\t\t\t\t\t\t\t\t<p class=\"elementor-icon-box-description\">\n\t\t\t\t\t\t1h30 \u00e0 2h00\t\t\t\t\t<\/p>\n\t\t\t\t\n\t\t\t<\/div>\n\t\t\t\n\t\t<\/div>\n\t\t\t\t<\/div>\n\t\t\t\t<\/div>\n\t\t\t\t<div class=\"elementor-element elementor-element-30c7515c elementor-widget__width-initial elementor-widget-mobile__width-inherit elementor-widget elementor-widget-icon-box\" data-id=\"30c7515c\" data-element_type=\"widget\" data-widget_type=\"icon-box.default\">\n\t\t\t\t<div class=\"elementor-widget-container\">\n\t\t\t\t\t<div class=\"elementor-icon-box-wrapper\">\n\n\t\t\t\n\t\t\t\t\t\t<div class=\"elementor-icon-box-content\">\n\n\t\t\t\t\t\t\t\t\t<h3 class=\"elementor-icon-box-title\">\n\t\t\t\t\t\t<span  >\n\t\t\t\t\t\t\tbesoins techniques\t\t\t\t\t\t<\/span>\n\t\t\t\t\t<\/h3>\n\t\t\t\t\n\t\t\t\t\t\t\t\t\t<p class=\"elementor-icon-box-description\">\n\t\t\t\t\t\tUn espace grand et plat sans obstacles, en int\u00e9rieur ou ext\u00e9rieur. \t\t\t\t\t<\/p>\n\t\t\t\t\n\t\t\t<\/div>\n\t\t\t\n\t\t<\/div>\n\t\t\t\t<\/div>\n\t\t\t\t<\/div>\n\t\t\t\t<div class=\"elementor-element elementor-element-bc3928d elementor-widget__width-initial elementor-widget-mobile__width-inherit elementor-widget elementor-widget-icon-box\" data-id=\"bc3928d\" data-element_type=\"widget\" data-widget_type=\"icon-box.default\">\n\t\t\t\t<div class=\"elementor-widget-container\">\n\t\t\t\t\t<div class=\"elementor-icon-box-wrapper\">\n\n\t\t\t\n\t\t\t\t\t\t<div class=\"elementor-icon-box-content\">\n\n\t\t\t\t\t\t\t\t\t<h3 class=\"elementor-icon-box-title\">\n\t\t\t\t\t\t<span  >\n\t\t\t\t\t\t\tAges et nombre\t\t\t\t\t\t<\/span>\n\t\t\t\t\t<\/h3>\n\t\t\t\t\n\t\t\t\t\t\t\t\t\t<p class=\"elementor-icon-box-description\">\n\t\t\t\t\t\tDe 3 ans \u00e0 adolescents, chaque version \u00e9tant adapt\u00e9e au niveau des r\u00e8gles et des jeux\t\t\t\t\t<\/p>\n\t\t\t\t\n\t\t\t<\/div>\n\t\t\t\n\t\t<\/div>\n\t\t\t\t<\/div>\n\t\t\t\t<\/div>\n\t\t\t\t<\/div>\n\t\t\t\t<\/div>\n\t\t\t\t<\/div>\n\t\t\t\t<\/div>\n\t\t\t\t<\/div>\n\t\t","protected":false},"excerpt":{"rendered":"<p>Notre activit\u00e9 de grand tournoi m\u00e9di\u00e9val propose des jeux en \u00e9quipe au cours de grands jeux. Tous les \u00e9quipements utilis\u00e9s sont en mousse et des r\u00e8gles de s\u00e9curit\u00e9 sont appliqu\u00e9es de mani\u00e8re \u00e0 ce que l&rsquo;activit\u00e9 soit la plus ludique possible. Grand tournoi m\u00e9di\u00e9val Les \u00e9quipes devront accomplir des \u00e9preuves pour pouvoir devenir des chevaliers. [&hellip;]<\/p>\n","protected":false},"author":1,"featured_media":0,"parent":0,"menu_order":0,"comment_status":"closed","ping_status":"closed","template":"","meta":{"footnotes":""},"yoast_head":"<!-- This site is optimized with the Yoast SEO plugin v23.5 - https:\/\/yoast.com\/wordpress\/plugins\/seo\/ -->\n<title>Animation m\u00e9di\u00e9vale centre de loisirs - Battle Of Color<\/title>\n<meta name=\"description\" content=\"Un grand tournoi m\u00e9di\u00e9val pour replonger au c\u0153ur du moyen-\u00e2ge! Une animation originale et fun pour centres de loisirs.\" \/>\n<meta name=\"robots\" content=\"index, follow, max-snippet:-1, max-image-preview:large, max-video-preview:-1\" \/>\n<link rel=\"canonical\" href=\"https:\/\/battleofcolor.com\/index.php\/grand-tournoi\/\" \/>\n<meta property=\"og:locale\" content=\"fr_FR\" \/>\n<meta property=\"og:type\" content=\"article\" \/>\n<meta property=\"og:title\" content=\"Animation m\u00e9di\u00e9vale centre de loisirs - Battle Of Color\" \/>\n<meta property=\"og:description\" content=\"Un grand tournoi m\u00e9di\u00e9val pour replonger au c\u0153ur du moyen-\u00e2ge! Une animation originale et fun pour centres de loisirs.\" \/>\n<meta property=\"og:url\" content=\"https:\/\/battleofcolor.com\/index.php\/grand-tournoi\/\" \/>\n<meta property=\"og:site_name\" content=\"Battle Of Color\" \/>\n<meta property=\"article:modified_time\" content=\"2024-01-01T18:06:37+00:00\" \/>\n<meta name=\"twitter:card\" content=\"summary_large_image\" \/>\n<meta name=\"twitter:label1\" content=\"Dur\u00e9e de lecture estim\u00e9e\" \/>\n\t<meta name=\"twitter:data1\" content=\"1 minute\" \/>\n<script type=\"application\/ld+json\" class=\"yoast-schema-graph\">{\"@context\":\"https:\/\/schema.org\",\"@graph\":[{\"@type\":\"WebPage\",\"@id\":\"https:\/\/battleofcolor.com\/index.php\/grand-tournoi\/\",\"url\":\"https:\/\/battleofcolor.com\/index.php\/grand-tournoi\/\",\"name\":\"Animation m\u00e9di\u00e9vale centre de loisirs - Battle Of Color\",\"isPartOf\":{\"@id\":\"https:\/\/battleofcolor.com\/#website\"},\"datePublished\":\"2022-01-09T09:41:15+00:00\",\"dateModified\":\"2024-01-01T18:06:37+00:00\",\"description\":\"Un grand tournoi m\u00e9di\u00e9val pour replonger au c\u0153ur du moyen-\u00e2ge! Une animation originale et fun pour centres de loisirs.\",\"breadcrumb\":{\"@id\":\"https:\/\/battleofcolor.com\/index.php\/grand-tournoi\/#breadcrumb\"},\"inLanguage\":\"fr-FR\",\"potentialAction\":[{\"@type\":\"ReadAction\",\"target\":[\"https:\/\/battleofcolor.com\/index.php\/grand-tournoi\/\"]}]},{\"@type\":\"BreadcrumbList\",\"@id\":\"https:\/\/battleofcolor.com\/index.php\/grand-tournoi\/#breadcrumb\",\"itemListElement\":[{\"@type\":\"ListItem\",\"position\":1,\"name\":\"Accueil\",\"item\":\"https:\/\/battleofcolor.com\/\"},{\"@type\":\"ListItem\",\"position\":2,\"name\":\"Grand tournoi\"}]},{\"@type\":\"WebSite\",\"@id\":\"https:\/\/battleofcolor.com\/#website\",\"url\":\"https:\/\/battleofcolor.com\/\",\"name\":\"Battle Of Color\",\"description\":\"Animations pour centres de loisirs et m\u00e9di\u00e9vales\",\"publisher\":{\"@id\":\"https:\/\/battleofcolor.com\/#organization\"},\"potentialAction\":[{\"@type\":\"SearchAction\",\"target\":{\"@type\":\"EntryPoint\",\"urlTemplate\":\"https:\/\/battleofcolor.com\/?s={search_term_string}\"},\"query-input\":{\"@type\":\"PropertyValueSpecification\",\"valueRequired\":true,\"valueName\":\"search_term_string\"}}],\"inLanguage\":\"fr-FR\"},{\"@type\":\"Organization\",\"@id\":\"https:\/\/battleofcolor.com\/#organization\",\"name\":\"Battle Of Color\",\"url\":\"https:\/\/battleofcolor.com\/\",\"logo\":{\"@type\":\"ImageObject\",\"inLanguage\":\"fr-FR\",\"@id\":\"https:\/\/battleofcolor.com\/#\/schema\/logo\/image\/\",\"url\":\"https:\/\/battleofcolor.com\/wp-content\/uploads\/2017\/08\/cropped-cropped-cropped-logo.jpg\",\"contentUrl\":\"https:\/\/battleofcolor.com\/wp-content\/uploads\/2017\/08\/cropped-cropped-cropped-logo.jpg\",\"width\":200,\"height\":200,\"caption\":\"Battle Of Color\"},\"image\":{\"@id\":\"https:\/\/battleofcolor.com\/#\/schema\/logo\/image\/\"}}]}<\/script>\n<!-- \/ Yoast SEO plugin. -->","yoast_head_json":{"title":"Animation m\u00e9di\u00e9vale centre de loisirs - Battle Of Color","description":"Un grand tournoi m\u00e9di\u00e9val pour replonger au c\u0153ur du moyen-\u00e2ge! Une animation originale et fun pour centres de loisirs.","robots":{"index":"index","follow":"follow","max-snippet":"max-snippet:-1","max-image-preview":"max-image-preview:large","max-video-preview":"max-video-preview:-1"},"canonical":"https:\/\/battleofcolor.com\/index.php\/grand-tournoi\/","og_locale":"fr_FR","og_type":"article","og_title":"Animation m\u00e9di\u00e9vale centre de loisirs - Battle Of Color","og_description":"Un grand tournoi m\u00e9di\u00e9val pour replonger au c\u0153ur du moyen-\u00e2ge! Une animation originale et fun pour centres de loisirs.","og_url":"https:\/\/battleofcolor.com\/index.php\/grand-tournoi\/","og_site_name":"Battle Of Color","article_modified_time":"2024-01-01T18:06:37+00:00","twitter_card":"summary_large_image","twitter_misc":{"Dur\u00e9e de lecture estim\u00e9e":"1 minute"},"schema":{"@context":"https:\/\/schema.org","@graph":[{"@type":"WebPage","@id":"https:\/\/battleofcolor.com\/index.php\/grand-tournoi\/","url":"https:\/\/battleofcolor.com\/index.php\/grand-tournoi\/","name":"Animation m\u00e9di\u00e9vale centre de loisirs - Battle Of Color","isPartOf":{"@id":"https:\/\/battleofcolor.com\/#website"},"datePublished":"2022-01-09T09:41:15+00:00","dateModified":"2024-01-01T18:06:37+00:00","description":"Un grand tournoi m\u00e9di\u00e9val pour replonger au c\u0153ur du moyen-\u00e2ge! Une animation originale et fun pour centres de loisirs.","breadcrumb":{"@id":"https:\/\/battleofcolor.com\/index.php\/grand-tournoi\/#breadcrumb"},"inLanguage":"fr-FR","potentialAction":[{"@type":"ReadAction","target":["https:\/\/battleofcolor.com\/index.php\/grand-tournoi\/"]}]},{"@type":"BreadcrumbList","@id":"https:\/\/battleofcolor.com\/index.php\/grand-tournoi\/#breadcrumb","itemListElement":[{"@type":"ListItem","position":1,"name":"Accueil","item":"https:\/\/battleofcolor.com\/"},{"@type":"ListItem","position":2,"name":"Grand tournoi"}]},{"@type":"WebSite","@id":"https:\/\/battleofcolor.com\/#website","url":"https:\/\/battleofcolor.com\/","name":"Battle Of Color","description":"Animations pour centres de loisirs et m\u00e9di\u00e9vales","publisher":{"@id":"https:\/\/battleofcolor.com\/#organization"},"potentialAction":[{"@type":"SearchAction","target":{"@type":"EntryPoint","urlTemplate":"https:\/\/battleofcolor.com\/?s={search_term_string}"},"query-input":{"@type":"PropertyValueSpecification","valueRequired":true,"valueName":"search_term_string"}}],"inLanguage":"fr-FR"},{"@type":"Organization","@id":"https:\/\/battleofcolor.com\/#organization","name":"Battle Of Color","url":"https:\/\/battleofcolor.com\/","logo":{"@type":"ImageObject","inLanguage":"fr-FR","@id":"https:\/\/battleofcolor.com\/#\/schema\/logo\/image\/","url":"https:\/\/battleofcolor.com\/wp-content\/uploads\/2017\/08\/cropped-cropped-cropped-logo.jpg","contentUrl":"https:\/\/battleofcolor.com\/wp-content\/uploads\/2017\/08\/cropped-cropped-cropped-logo.jpg","width":200,"height":200,"caption":"Battle Of Color"},"image":{"@id":"https:\/\/battleofcolor.com\/#\/schema\/logo\/image\/"}}]}},"_links":{"self":[{"href":"https:\/\/battleofcolor.com\/index.php\/wp-json\/wp\/v2\/pages\/879"}],"collection":[{"href":"https:\/\/battleofcolor.com\/index.php\/wp-json\/wp\/v2\/pages"}],"about":[{"href":"https:\/\/battleofcolor.com\/index.php\/wp-json\/wp\/v2\/types\/page"}],"author":[{"embeddable":true,"href":"https:\/\/battleofcolor.com\/index.php\/wp-json\/wp\/v2\/users\/1"}],"replies":[{"embeddable":true,"href":"https:\/\/battleofcolor.com\/index.php\/wp-json\/wp\/v2\/comments?post=879"}],"version-history":[{"count":7,"href":"https:\/\/battleofcolor.com\/index.php\/wp-json\/wp\/v2\/pages\/879\/revisions"}],"predecessor-version":[{"id":1452,"href":"https:\/\/battleofcolor.com\/index.php\/wp-json\/wp\/v2\/pages\/879\/revisions\/1452"}],"wp:attachment":[{"href":"https:\/\/battleofcolor.com\/index.php\/wp-json\/wp\/v2\/media?parent=879"}],"curies":[{"name":"wp","href":"https:\/\/api.w.org\/{rel}","templated":true}]}}