{"id":1425,"date":"2024-01-01T18:35:53","date_gmt":"2024-01-01T17:35:53","guid":{"rendered":"https:\/\/battleofcolor.com\/?page_id=1425"},"modified":"2024-01-01T19:53:56","modified_gmt":"2024-01-01T18:53:56","slug":"fabrique-de-limaginaire","status":"publish","type":"page","link":"https:\/\/battleofcolor.com\/index.php\/fabrique-de-limaginaire\/","title":{"rendered":"Fabrique de l&rsquo;imaginaire"},"content":{"rendered":"\t\t<div data-elementor-type=\"wp-page\" data-elementor-id=\"1425\" class=\"elementor elementor-1425\" data-elementor-post-type=\"page\">\n\t\t\t\t<div class=\"elementor-element elementor-element-61b7cb5a e-con-full e-flex e-con e-parent\" data-id=\"61b7cb5a\" data-element_type=\"container\" data-settings=\"{&quot;background_background&quot;:&quot;classic&quot;}\">\n\t\t\t\t<div class=\"elementor-element elementor-element-b2a8c74 elementor-widget elementor-widget-heading\" data-id=\"b2a8c74\" data-element_type=\"widget\" data-widget_type=\"heading.default\">\n\t\t\t\t<div class=\"elementor-widget-container\">\n\t\t\t<style>\/*! elementor - v3.22.0 - 17-06-2024 *\/\n.elementor-heading-title{padding:0;margin:0;line-height:1}.elementor-widget-heading .elementor-heading-title[class*=elementor-size-]>a{color:inherit;font-size:inherit;line-height:inherit}.elementor-widget-heading .elementor-heading-title.elementor-size-small{font-size:15px}.elementor-widget-heading .elementor-heading-title.elementor-size-medium{font-size:19px}.elementor-widget-heading .elementor-heading-title.elementor-size-large{font-size:29px}.elementor-widget-heading .elementor-heading-title.elementor-size-xl{font-size:39px}.elementor-widget-heading .elementor-heading-title.elementor-size-xxl{font-size:59px}<\/style><h2 class=\"elementor-heading-title elementor-size-default\">Cr\u00e9ations d'oeuvres gr\u00e2ce \u00e0 l'intelligence artificielle!<\/h2>\t\t<\/div>\n\t\t\t\t<\/div>\n\t\t\t\t<div class=\"elementor-element elementor-element-59cb1b8c elementor-widget elementor-widget-heading\" data-id=\"59cb1b8c\" data-element_type=\"widget\" data-widget_type=\"heading.default\">\n\t\t\t\t<div class=\"elementor-widget-container\">\n\t\t\t<h2 class=\"elementor-heading-title elementor-size-default\">Toutes les infos sur notre site www.fabriquedelimaginaire.com<\/h2>\t\t<\/div>\n\t\t\t\t<\/div>\n\t\t\t\t<div class=\"elementor-element elementor-element-452c0d02 elementor-align-center elementor-widget elementor-widget-button\" data-id=\"452c0d02\" data-element_type=\"widget\" data-widget_type=\"button.default\">\n\t\t\t\t<div class=\"elementor-widget-container\">\n\t\t\t\t\t<div class=\"elementor-button-wrapper\">\n\t\t\t<a class=\"elementor-button elementor-button-link elementor-size-lg elementor-animation-grow\" href=\"https:\/\/www.fabriquedelimaginaire.com\/\" target=\"_blank\">\n\t\t\t\t\t\t<span class=\"elementor-button-content-wrapper\">\n\t\t\t\t\t\t\t\t\t<span class=\"elementor-button-text\">Visiter le site!<\/span>\n\t\t\t\t\t<\/span>\n\t\t\t\t\t<\/a>\n\t\t<\/div>\n\t\t\t\t<\/div>\n\t\t\t\t<\/div>\n\t\t\t\t<\/div>\n\t\t\t\t<\/div>\n\t\t","protected":false},"excerpt":{"rendered":"<p>Cr\u00e9ations d&rsquo;oeuvres gr\u00e2ce \u00e0 l&rsquo;intelligence artificielle! Toutes les infos sur notre site www.fabriquedelimaginaire.com Visiter le site!<\/p>\n","protected":false},"author":1,"featured_media":0,"parent":0,"menu_order":0,"comment_status":"closed","ping_status":"closed","template":"","meta":{"footnotes":""},"yoast_head":"<!-- This site is optimized with the Yoast SEO plugin v23.5 - https:\/\/yoast.com\/wordpress\/plugins\/seo\/ -->\n<title>Fabrique de l&#039;imaginaire - Battle Of Color<\/title>\n<meta name=\"robots\" content=\"index, follow, max-snippet:-1, max-image-preview:large, max-video-preview:-1\" \/>\n<link rel=\"canonical\" href=\"https:\/\/battleofcolor.com\/index.php\/fabrique-de-limaginaire\/\" \/>\n<meta property=\"og:locale\" content=\"fr_FR\" \/>\n<meta property=\"og:type\" content=\"article\" \/>\n<meta property=\"og:title\" content=\"Fabrique de l&#039;imaginaire - Battle Of Color\" \/>\n<meta property=\"og:description\" content=\"Cr\u00e9ations d&rsquo;oeuvres gr\u00e2ce \u00e0 l&rsquo;intelligence artificielle! Toutes les infos sur notre site www.fabriquedelimaginaire.com Visiter le site!\" \/>\n<meta property=\"og:url\" content=\"https:\/\/battleofcolor.com\/index.php\/fabrique-de-limaginaire\/\" \/>\n<meta property=\"og:site_name\" content=\"Battle Of Color\" \/>\n<meta property=\"article:modified_time\" content=\"2024-01-01T18:53:56+00:00\" \/>\n<meta name=\"twitter:card\" content=\"summary_large_image\" \/>\n<meta name=\"twitter:label1\" content=\"Dur\u00e9e de lecture estim\u00e9e\" \/>\n\t<meta name=\"twitter:data1\" content=\"1 minute\" \/>\n<script type=\"application\/ld+json\" class=\"yoast-schema-graph\">{\"@context\":\"https:\/\/schema.org\",\"@graph\":[{\"@type\":\"WebPage\",\"@id\":\"https:\/\/battleofcolor.com\/index.php\/fabrique-de-limaginaire\/\",\"url\":\"https:\/\/battleofcolor.com\/index.php\/fabrique-de-limaginaire\/\",\"name\":\"Fabrique de l'imaginaire - Battle Of Color\",\"isPartOf\":{\"@id\":\"https:\/\/battleofcolor.com\/#website\"},\"datePublished\":\"2024-01-01T17:35:53+00:00\",\"dateModified\":\"2024-01-01T18:53:56+00:00\",\"breadcrumb\":{\"@id\":\"https:\/\/battleofcolor.com\/index.php\/fabrique-de-limaginaire\/#breadcrumb\"},\"inLanguage\":\"fr-FR\",\"potentialAction\":[{\"@type\":\"ReadAction\",\"target\":[\"https:\/\/battleofcolor.com\/index.php\/fabrique-de-limaginaire\/\"]}]},{\"@type\":\"BreadcrumbList\",\"@id\":\"https:\/\/battleofcolor.com\/index.php\/fabrique-de-limaginaire\/#breadcrumb\",\"itemListElement\":[{\"@type\":\"ListItem\",\"position\":1,\"name\":\"Accueil\",\"item\":\"https:\/\/battleofcolor.com\/\"},{\"@type\":\"ListItem\",\"position\":2,\"name\":\"Fabrique de l&#8217;imaginaire\"}]},{\"@type\":\"WebSite\",\"@id\":\"https:\/\/battleofcolor.com\/#website\",\"url\":\"https:\/\/battleofcolor.com\/\",\"name\":\"Battle Of Color\",\"description\":\"Animations pour centres de loisirs et m\u00e9di\u00e9vales\",\"publisher\":{\"@id\":\"https:\/\/battleofcolor.com\/#organization\"},\"potentialAction\":[{\"@type\":\"SearchAction\",\"target\":{\"@type\":\"EntryPoint\",\"urlTemplate\":\"https:\/\/battleofcolor.com\/?s={search_term_string}\"},\"query-input\":{\"@type\":\"PropertyValueSpecification\",\"valueRequired\":true,\"valueName\":\"search_term_string\"}}],\"inLanguage\":\"fr-FR\"},{\"@type\":\"Organization\",\"@id\":\"https:\/\/battleofcolor.com\/#organization\",\"name\":\"Battle Of Color\",\"url\":\"https:\/\/battleofcolor.com\/\",\"logo\":{\"@type\":\"ImageObject\",\"inLanguage\":\"fr-FR\",\"@id\":\"https:\/\/battleofcolor.com\/#\/schema\/logo\/image\/\",\"url\":\"https:\/\/battleofcolor.com\/wp-content\/uploads\/2017\/08\/cropped-cropped-cropped-logo.jpg\",\"contentUrl\":\"https:\/\/battleofcolor.com\/wp-content\/uploads\/2017\/08\/cropped-cropped-cropped-logo.jpg\",\"width\":200,\"height\":200,\"caption\":\"Battle Of Color\"},\"image\":{\"@id\":\"https:\/\/battleofcolor.com\/#\/schema\/logo\/image\/\"}}]}<\/script>\n<!-- \/ Yoast SEO plugin. -->","yoast_head_json":{"title":"Fabrique de l'imaginaire - Battle Of Color","robots":{"index":"index","follow":"follow","max-snippet":"max-snippet:-1","max-image-preview":"max-image-preview:large","max-video-preview":"max-video-preview:-1"},"canonical":"https:\/\/battleofcolor.com\/index.php\/fabrique-de-limaginaire\/","og_locale":"fr_FR","og_type":"article","og_title":"Fabrique de l'imaginaire - Battle Of Color","og_description":"Cr\u00e9ations d&rsquo;oeuvres gr\u00e2ce \u00e0 l&rsquo;intelligence artificielle! Toutes les infos sur notre site www.fabriquedelimaginaire.com Visiter le site!","og_url":"https:\/\/battleofcolor.com\/index.php\/fabrique-de-limaginaire\/","og_site_name":"Battle Of Color","article_modified_time":"2024-01-01T18:53:56+00:00","twitter_card":"summary_large_image","twitter_misc":{"Dur\u00e9e de lecture estim\u00e9e":"1 minute"},"schema":{"@context":"https:\/\/schema.org","@graph":[{"@type":"WebPage","@id":"https:\/\/battleofcolor.com\/index.php\/fabrique-de-limaginaire\/","url":"https:\/\/battleofcolor.com\/index.php\/fabrique-de-limaginaire\/","name":"Fabrique de l'imaginaire - Battle Of Color","isPartOf":{"@id":"https:\/\/battleofcolor.com\/#website"},"datePublished":"2024-01-01T17:35:53+00:00","dateModified":"2024-01-01T18:53:56+00:00","breadcrumb":{"@id":"https:\/\/battleofcolor.com\/index.php\/fabrique-de-limaginaire\/#breadcrumb"},"inLanguage":"fr-FR","potentialAction":[{"@type":"ReadAction","target":["https:\/\/battleofcolor.com\/index.php\/fabrique-de-limaginaire\/"]}]},{"@type":"BreadcrumbList","@id":"https:\/\/battleofcolor.com\/index.php\/fabrique-de-limaginaire\/#breadcrumb","itemListElement":[{"@type":"ListItem","position":1,"name":"Accueil","item":"https:\/\/battleofcolor.com\/"},{"@type":"ListItem","position":2,"name":"Fabrique de l&#8217;imaginaire"}]},{"@type":"WebSite","@id":"https:\/\/battleofcolor.com\/#website","url":"https:\/\/battleofcolor.com\/","name":"Battle Of Color","description":"Animations pour centres de loisirs et m\u00e9di\u00e9vales","publisher":{"@id":"https:\/\/battleofcolor.com\/#organization"},"potentialAction":[{"@type":"SearchAction","target":{"@type":"EntryPoint","urlTemplate":"https:\/\/battleofcolor.com\/?s={search_term_string}"},"query-input":{"@type":"PropertyValueSpecification","valueRequired":true,"valueName":"search_term_string"}}],"inLanguage":"fr-FR"},{"@type":"Organization","@id":"https:\/\/battleofcolor.com\/#organization","name":"Battle Of Color","url":"https:\/\/battleofcolor.com\/","logo":{"@type":"ImageObject","inLanguage":"fr-FR","@id":"https:\/\/battleofcolor.com\/#\/schema\/logo\/image\/","url":"https:\/\/battleofcolor.com\/wp-content\/uploads\/2017\/08\/cropped-cropped-cropped-logo.jpg","contentUrl":"https:\/\/battleofcolor.com\/wp-content\/uploads\/2017\/08\/cropped-cropped-cropped-logo.jpg","width":200,"height":200,"caption":"Battle Of Color"},"image":{"@id":"https:\/\/battleofcolor.com\/#\/schema\/logo\/image\/"}}]}},"_links":{"self":[{"href":"https:\/\/battleofcolor.com\/index.php\/wp-json\/wp\/v2\/pages\/1425"}],"collection":[{"href":"https:\/\/battleofcolor.com\/index.php\/wp-json\/wp\/v2\/pages"}],"about":[{"href":"https:\/\/battleofcolor.com\/index.php\/wp-json\/wp\/v2\/types\/page"}],"author":[{"embeddable":true,"href":"https:\/\/battleofcolor.com\/index.php\/wp-json\/wp\/v2\/users\/1"}],"replies":[{"embeddable":true,"href":"https:\/\/battleofcolor.com\/index.php\/wp-json\/wp\/v2\/comments?post=1425"}],"version-history":[{"count":10,"href":"https:\/\/battleofcolor.com\/index.php\/wp-json\/wp\/v2\/pages\/1425\/revisions"}],"predecessor-version":[{"id":1472,"href":"https:\/\/battleofcolor.com\/index.php\/wp-json\/wp\/v2\/pages\/1425\/revisions\/1472"}],"wp:attachment":[{"href":"https:\/\/battleofcolor.com\/index.php\/wp-json\/wp\/v2\/media?parent=1425"}],"curies":[{"name":"wp","href":"https:\/\/api.w.org\/{rel}","templated":true}]}}