{"id":1413,"date":"2024-01-01T18:19:17","date_gmt":"2024-01-01T17:19:17","guid":{"rendered":"https:\/\/battleofcolor.com\/?page_id=1413"},"modified":"2024-01-01T18:34:05","modified_gmt":"2024-01-01T17:34:05","slug":"ressourcerie","status":"publish","type":"page","link":"https:\/\/battleofcolor.com\/index.php\/ressourcerie\/","title":{"rendered":"Ressourcerie"},"content":{"rendered":"\t\t<div data-elementor-type=\"wp-page\" data-elementor-id=\"1413\" class=\"elementor elementor-1413\" data-elementor-post-type=\"page\">\n\t\t\t\t<div class=\"elementor-element elementor-element-37e4b2fe e-flex e-con-boxed e-con e-parent\" data-id=\"37e4b2fe\" data-element_type=\"container\" data-settings=\"{&quot;background_background&quot;:&quot;classic&quot;}\">\n\t\t\t\t\t<div class=\"e-con-inner\">\n\t\t<div class=\"elementor-element elementor-element-59f56cdc e-flex e-con-boxed e-con e-child\" data-id=\"59f56cdc\" data-element_type=\"container\">\n\t\t\t\t\t<div class=\"e-con-inner\">\n\t\t\t\t<div class=\"elementor-element elementor-element-53633bfc animated-slow elementor-invisible elementor-widget elementor-widget-heading\" data-id=\"53633bfc\" data-element_type=\"widget\" data-settings=\"{&quot;_animation&quot;:&quot;slideInUp&quot;}\" data-widget_type=\"heading.default\">\n\t\t\t\t<div class=\"elementor-widget-container\">\n\t\t\t<style>\/*! elementor - v3.22.0 - 17-06-2024 *\/\n.elementor-heading-title{padding:0;margin:0;line-height:1}.elementor-widget-heading .elementor-heading-title[class*=elementor-size-]>a{color:inherit;font-size:inherit;line-height:inherit}.elementor-widget-heading .elementor-heading-title.elementor-size-small{font-size:15px}.elementor-widget-heading .elementor-heading-title.elementor-size-medium{font-size:19px}.elementor-widget-heading .elementor-heading-title.elementor-size-large{font-size:29px}.elementor-widget-heading .elementor-heading-title.elementor-size-xl{font-size:39px}.elementor-widget-heading .elementor-heading-title.elementor-size-xxl{font-size:59px}<\/style><h2 class=\"elementor-heading-title elementor-size-default\">Nous proposons du mat\u00e9riel pour accompagner les centres de loisirs dans leurs th\u00e9matiques. Que vous ayez besoin d'images \u00e0 remplir, de dessins \u00e0 colorier, d'objets grav\u00e9s ou autres. N'h\u00e9sitez pas \u00e0 nous contacter pour nous faire part de votre projet. <\/h2>\t\t<\/div>\n\t\t\t\t<\/div>\n\t\t\t\t<div class=\"elementor-element elementor-element-3a993df7 animated-slow elementor-invisible elementor-widget elementor-widget-heading\" data-id=\"3a993df7\" data-element_type=\"widget\" data-settings=\"{&quot;_animation&quot;:&quot;slideInUp&quot;}\" data-widget_type=\"heading.default\">\n\t\t\t\t<div class=\"elementor-widget-container\">\n\t\t\t<h2 class=\"elementor-heading-title elementor-size-default\">Ressourcerie<\/h2>\t\t<\/div>\n\t\t\t\t<\/div>\n\t\t\t\t\t<\/div>\n\t\t\t\t<\/div>\n\t\t<div class=\"elementor-element elementor-element-1f0aed8d e-con-full e-flex e-con e-child\" data-id=\"1f0aed8d\" data-element_type=\"container\">\n\t\t<div class=\"elementor-element elementor-element-1373b51c e-con-full e-flex e-con e-child\" data-id=\"1373b51c\" data-element_type=\"container\">\n\t\t\t\t<div class=\"elementor-element elementor-element-86ad092 elementor-widget elementor-widget-heading\" data-id=\"86ad092\" data-element_type=\"widget\" data-widget_type=\"heading.default\">\n\t\t\t\t<div class=\"elementor-widget-container\">\n\t\t\t<h3 class=\"elementor-heading-title elementor-size-default\">Dessins \u00e0 colorier<\/h3>\t\t<\/div>\n\t\t\t\t<\/div>\n\t\t\t\t<div class=\"elementor-element elementor-element-1facce53 elementor-position-top elementor-widget elementor-widget-image-box\" data-id=\"1facce53\" data-element_type=\"widget\" data-widget_type=\"image-box.default\">\n\t\t\t\t<div class=\"elementor-widget-container\">\n\t\t\t<style>\/*! elementor - v3.22.0 - 17-06-2024 *\/\n.elementor-widget-image-box .elementor-image-box-content{width:100%}@media (min-width:768px){.elementor-widget-image-box.elementor-position-left .elementor-image-box-wrapper,.elementor-widget-image-box.elementor-position-right .elementor-image-box-wrapper{display:flex}.elementor-widget-image-box.elementor-position-right .elementor-image-box-wrapper{text-align:end;flex-direction:row-reverse}.elementor-widget-image-box.elementor-position-left .elementor-image-box-wrapper{text-align:start;flex-direction:row}.elementor-widget-image-box.elementor-position-top .elementor-image-box-img{margin:auto}.elementor-widget-image-box.elementor-vertical-align-top .elementor-image-box-wrapper{align-items:flex-start}.elementor-widget-image-box.elementor-vertical-align-middle .elementor-image-box-wrapper{align-items:center}.elementor-widget-image-box.elementor-vertical-align-bottom .elementor-image-box-wrapper{align-items:flex-end}}@media (max-width:767px){.elementor-widget-image-box .elementor-image-box-img{margin-left:auto!important;margin-right:auto!important;margin-bottom:15px}}.elementor-widget-image-box .elementor-image-box-img{display:inline-block}.elementor-widget-image-box .elementor-image-box-title a{color:inherit}.elementor-widget-image-box .elementor-image-box-wrapper{text-align:center}.elementor-widget-image-box .elementor-image-box-description{margin:0}<\/style><div class=\"elementor-image-box-wrapper\"><figure class=\"elementor-image-box-img\"><img fetchpriority=\"high\" decoding=\"async\" width=\"1344\" height=\"896\" src=\"https:\/\/battleofcolor.com\/wp-content\/uploads\/2024\/01\/monstre_marin_coloriage_ALSH-8.png\" class=\"attachment-full size-full wp-image-1417\" alt=\"\" srcset=\"https:\/\/battleofcolor.com\/wp-content\/uploads\/2024\/01\/monstre_marin_coloriage_ALSH-8.png 1344w, https:\/\/battleofcolor.com\/wp-content\/uploads\/2024\/01\/monstre_marin_coloriage_ALSH-8-300x200.png 300w, https:\/\/battleofcolor.com\/wp-content\/uploads\/2024\/01\/monstre_marin_coloriage_ALSH-8-1024x683.png 1024w, https:\/\/battleofcolor.com\/wp-content\/uploads\/2024\/01\/monstre_marin_coloriage_ALSH-8-768x512.png 768w\" sizes=\"(max-width: 1344px) 100vw, 1344px\" \/><\/figure><div class=\"elementor-image-box-content\"><p class=\"elementor-image-box-description\">Nous proposons des centaines de dessins \u00e0 colorier suivant les th\u00e9matiques dont vous avez besoin. Tous les styles sont possibles! Nous vous livrons le tout soit de mani\u00e8re num\u00e9rique pour que vous puissiez les imprimer vous-m\u00eame ou bien d\u00e9j\u00e0 imprim\u00e9s, pr\u00eat \u00e0 l'emploi!<\/p><\/div><\/div>\t\t<\/div>\n\t\t\t\t<\/div>\n\t\t\t\t<\/div>\n\t\t<div class=\"elementor-element elementor-element-c1e050d e-con-full e-flex e-con e-child\" data-id=\"c1e050d\" data-element_type=\"container\">\n\t\t\t\t<div class=\"elementor-element elementor-element-8d44ce7 elementor-widget elementor-widget-heading\" data-id=\"8d44ce7\" data-element_type=\"widget\" data-widget_type=\"heading.default\">\n\t\t\t\t<div class=\"elementor-widget-container\">\n\t\t\t<h3 class=\"elementor-heading-title elementor-size-default\">Objets grav\u00e9s<\/h3>\t\t<\/div>\n\t\t\t\t<\/div>\n\t\t\t\t<div class=\"elementor-element elementor-element-4012132 elementor-position-top elementor-widget elementor-widget-image-box\" data-id=\"4012132\" data-element_type=\"widget\" data-widget_type=\"image-box.default\">\n\t\t\t\t<div class=\"elementor-widget-container\">\n\t\t\t<div class=\"elementor-image-box-wrapper\"><figure class=\"elementor-image-box-img\"><img decoding=\"async\" width=\"1344\" height=\"896\" src=\"https:\/\/battleofcolor.com\/wp-content\/uploads\/2024\/01\/gravure_laser_centre_loisirs.png\" class=\"attachment-full size-full wp-image-1418\" alt=\"\" srcset=\"https:\/\/battleofcolor.com\/wp-content\/uploads\/2024\/01\/gravure_laser_centre_loisirs.png 1344w, https:\/\/battleofcolor.com\/wp-content\/uploads\/2024\/01\/gravure_laser_centre_loisirs-300x200.png 300w, https:\/\/battleofcolor.com\/wp-content\/uploads\/2024\/01\/gravure_laser_centre_loisirs-1024x683.png 1024w, https:\/\/battleofcolor.com\/wp-content\/uploads\/2024\/01\/gravure_laser_centre_loisirs-768x512.png 768w\" sizes=\"(max-width: 1344px) 100vw, 1344px\" \/><\/figure><div class=\"elementor-image-box-content\"><p class=\"elementor-image-box-description\">Nous pouvons graver tous type d'objet en bois, m\u00eame avec le visage des enfants! Qu'il s'agisse de pi\u00e8ces pour faire un jeu de soci\u00e9t\u00e9 ou autre, les possibilit\u00e9s sont infinies. <\/p><\/div><\/div>\t\t<\/div>\n\t\t\t\t<\/div>\n\t\t\t\t<\/div>\n\t\t<div class=\"elementor-element elementor-element-7686df38 e-con-full e-flex e-con e-child\" data-id=\"7686df38\" data-element_type=\"container\">\n\t\t\t\t<div class=\"elementor-element elementor-element-ef0111f elementor-widget elementor-widget-heading\" data-id=\"ef0111f\" data-element_type=\"widget\" data-widget_type=\"heading.default\">\n\t\t\t\t<div class=\"elementor-widget-container\">\n\t\t\t<h3 class=\"elementor-heading-title elementor-size-default\">Contes \u00e0 remplir<\/h3>\t\t<\/div>\n\t\t\t\t<\/div>\n\t\t\t\t<div class=\"elementor-element elementor-element-39c5705e elementor-position-top elementor-widget elementor-widget-image-box\" data-id=\"39c5705e\" data-element_type=\"widget\" data-widget_type=\"image-box.default\">\n\t\t\t\t<div class=\"elementor-widget-container\">\n\t\t\t<div class=\"elementor-image-box-wrapper\"><figure class=\"elementor-image-box-img\"><img decoding=\"async\" width=\"1414\" height=\"1000\" src=\"https:\/\/battleofcolor.com\/wp-content\/uploads\/2024\/01\/contes_remplir_CLSH.png\" class=\"attachment-full size-full wp-image-1419\" alt=\"\" srcset=\"https:\/\/battleofcolor.com\/wp-content\/uploads\/2024\/01\/contes_remplir_CLSH.png 1414w, https:\/\/battleofcolor.com\/wp-content\/uploads\/2024\/01\/contes_remplir_CLSH-300x212.png 300w, https:\/\/battleofcolor.com\/wp-content\/uploads\/2024\/01\/contes_remplir_CLSH-1024x724.png 1024w, https:\/\/battleofcolor.com\/wp-content\/uploads\/2024\/01\/contes_remplir_CLSH-768x543.png 768w\" sizes=\"(max-width: 1414px) 100vw, 1414px\" \/><\/figure><div class=\"elementor-image-box-content\"><p class=\"elementor-image-box-description\">Nous proposons des contes \u00e0 remplir pour les enfants. Plein de sc\u00e8nes diverses et vari\u00e9es ou ils devront faire parler les personnages. <\/p><\/div><\/div>\t\t<\/div>\n\t\t\t\t<\/div>\n\t\t\t\t<\/div>\n\t\t<div class=\"elementor-element elementor-element-2eabf9ca e-con-full e-flex e-con e-child\" data-id=\"2eabf9ca\" data-element_type=\"container\">\n\t\t\t\t<div class=\"elementor-element elementor-element-93403c8 elementor-widget elementor-widget-heading\" data-id=\"93403c8\" data-element_type=\"widget\" data-widget_type=\"heading.default\">\n\t\t\t\t<div class=\"elementor-widget-container\">\n\t\t\t<h3 class=\"elementor-heading-title elementor-size-default\">D\u00e9coration de centre<\/h3>\t\t<\/div>\n\t\t\t\t<\/div>\n\t\t\t\t<div class=\"elementor-element elementor-element-2f673407 elementor-position-top elementor-widget elementor-widget-image-box\" data-id=\"2f673407\" data-element_type=\"widget\" data-widget_type=\"image-box.default\">\n\t\t\t\t<div class=\"elementor-widget-container\">\n\t\t\t<div class=\"elementor-image-box-wrapper\"><figure class=\"elementor-image-box-img\"><img loading=\"lazy\" decoding=\"async\" width=\"1344\" height=\"896\" src=\"https:\/\/battleofcolor.com\/wp-content\/uploads\/2024\/01\/enfant-2.png\" class=\"attachment-full size-full wp-image-1420\" alt=\"\" srcset=\"https:\/\/battleofcolor.com\/wp-content\/uploads\/2024\/01\/enfant-2.png 1344w, https:\/\/battleofcolor.com\/wp-content\/uploads\/2024\/01\/enfant-2-300x200.png 300w, https:\/\/battleofcolor.com\/wp-content\/uploads\/2024\/01\/enfant-2-1024x683.png 1024w, https:\/\/battleofcolor.com\/wp-content\/uploads\/2024\/01\/enfant-2-768x512.png 768w\" sizes=\"(max-width: 1344px) 100vw, 1344px\" \/><\/figure><div class=\"elementor-image-box-content\"><p class=\"elementor-image-box-description\">Vous souhaitez d\u00e9corer votre centre sur une th\u00e9matique. Ici aussi, nous cr\u00e9ons les images n\u00e9cessaires et nous vous les envoyons sur du beau papier, quelque soit le format souhait\u00e9!<\/p><\/div><\/div>\t\t<\/div>\n\t\t\t\t<\/div>\n\t\t\t\t<\/div>\n\t\t\t\t<\/div>\n\t\t\t\t\t<\/div>\n\t\t\t\t<\/div>\n\t\t\t\t<\/div>\n\t\t","protected":false},"excerpt":{"rendered":"<p>Nous proposons du mat\u00e9riel pour accompagner les centres de loisirs dans leurs th\u00e9matiques. Que vous ayez besoin d&rsquo;images \u00e0 remplir, de dessins \u00e0 colorier, d&rsquo;objets grav\u00e9s ou autres. N&rsquo;h\u00e9sitez pas \u00e0 nous contacter pour nous faire part de votre projet. Ressourcerie Dessins \u00e0 colorier Nous proposons des centaines de dessins \u00e0 colorier suivant les th\u00e9matiques [&hellip;]<\/p>\n","protected":false},"author":1,"featured_media":0,"parent":0,"menu_order":0,"comment_status":"closed","ping_status":"closed","template":"","meta":{"footnotes":""},"yoast_head":"<!-- This site is optimized with the Yoast SEO plugin v23.5 - https:\/\/yoast.com\/wordpress\/plugins\/seo\/ -->\n<title>Ressourcerie - Battle Of Color<\/title>\n<meta name=\"robots\" content=\"index, follow, max-snippet:-1, max-image-preview:large, max-video-preview:-1\" \/>\n<link rel=\"canonical\" href=\"https:\/\/battleofcolor.com\/index.php\/ressourcerie\/\" \/>\n<meta property=\"og:locale\" content=\"fr_FR\" \/>\n<meta property=\"og:type\" content=\"article\" \/>\n<meta property=\"og:title\" content=\"Ressourcerie - Battle Of Color\" \/>\n<meta property=\"og:description\" content=\"Nous proposons du mat\u00e9riel pour accompagner les centres de loisirs dans leurs th\u00e9matiques. Que vous ayez besoin d&rsquo;images \u00e0 remplir, de dessins \u00e0 colorier, d&rsquo;objets grav\u00e9s ou autres. N&rsquo;h\u00e9sitez pas \u00e0 nous contacter pour nous faire part de votre projet. Ressourcerie Dessins \u00e0 colorier Nous proposons des centaines de dessins \u00e0 colorier suivant les th\u00e9matiques [&hellip;]\" \/>\n<meta property=\"og:url\" content=\"https:\/\/battleofcolor.com\/index.php\/ressourcerie\/\" \/>\n<meta property=\"og:site_name\" content=\"Battle Of Color\" \/>\n<meta property=\"article:modified_time\" content=\"2024-01-01T17:34:05+00:00\" \/>\n<meta property=\"og:image\" content=\"https:\/\/battleofcolor.com\/wp-content\/uploads\/2024\/01\/monstre_marin_coloriage_ALSH-8.png\" \/>\n<meta name=\"twitter:card\" content=\"summary_large_image\" \/>\n<script type=\"application\/ld+json\" class=\"yoast-schema-graph\">{\"@context\":\"https:\/\/schema.org\",\"@graph\":[{\"@type\":\"WebPage\",\"@id\":\"https:\/\/battleofcolor.com\/index.php\/ressourcerie\/\",\"url\":\"https:\/\/battleofcolor.com\/index.php\/ressourcerie\/\",\"name\":\"Ressourcerie - Battle Of Color\",\"isPartOf\":{\"@id\":\"https:\/\/battleofcolor.com\/#website\"},\"primaryImageOfPage\":{\"@id\":\"https:\/\/battleofcolor.com\/index.php\/ressourcerie\/#primaryimage\"},\"image\":{\"@id\":\"https:\/\/battleofcolor.com\/index.php\/ressourcerie\/#primaryimage\"},\"thumbnailUrl\":\"https:\/\/battleofcolor.com\/wp-content\/uploads\/2024\/01\/monstre_marin_coloriage_ALSH-8.png\",\"datePublished\":\"2024-01-01T17:19:17+00:00\",\"dateModified\":\"2024-01-01T17:34:05+00:00\",\"breadcrumb\":{\"@id\":\"https:\/\/battleofcolor.com\/index.php\/ressourcerie\/#breadcrumb\"},\"inLanguage\":\"fr-FR\",\"potentialAction\":[{\"@type\":\"ReadAction\",\"target\":[\"https:\/\/battleofcolor.com\/index.php\/ressourcerie\/\"]}]},{\"@type\":\"ImageObject\",\"inLanguage\":\"fr-FR\",\"@id\":\"https:\/\/battleofcolor.com\/index.php\/ressourcerie\/#primaryimage\",\"url\":\"https:\/\/battleofcolor.com\/wp-content\/uploads\/2024\/01\/monstre_marin_coloriage_ALSH-8.png\",\"contentUrl\":\"https:\/\/battleofcolor.com\/wp-content\/uploads\/2024\/01\/monstre_marin_coloriage_ALSH-8.png\",\"width\":1344,\"height\":896},{\"@type\":\"BreadcrumbList\",\"@id\":\"https:\/\/battleofcolor.com\/index.php\/ressourcerie\/#breadcrumb\",\"itemListElement\":[{\"@type\":\"ListItem\",\"position\":1,\"name\":\"Accueil\",\"item\":\"https:\/\/battleofcolor.com\/\"},{\"@type\":\"ListItem\",\"position\":2,\"name\":\"Ressourcerie\"}]},{\"@type\":\"WebSite\",\"@id\":\"https:\/\/battleofcolor.com\/#website\",\"url\":\"https:\/\/battleofcolor.com\/\",\"name\":\"Battle Of Color\",\"description\":\"Animations pour centres de loisirs et m\u00e9di\u00e9vales\",\"publisher\":{\"@id\":\"https:\/\/battleofcolor.com\/#organization\"},\"potentialAction\":[{\"@type\":\"SearchAction\",\"target\":{\"@type\":\"EntryPoint\",\"urlTemplate\":\"https:\/\/battleofcolor.com\/?s={search_term_string}\"},\"query-input\":{\"@type\":\"PropertyValueSpecification\",\"valueRequired\":true,\"valueName\":\"search_term_string\"}}],\"inLanguage\":\"fr-FR\"},{\"@type\":\"Organization\",\"@id\":\"https:\/\/battleofcolor.com\/#organization\",\"name\":\"Battle Of Color\",\"url\":\"https:\/\/battleofcolor.com\/\",\"logo\":{\"@type\":\"ImageObject\",\"inLanguage\":\"fr-FR\",\"@id\":\"https:\/\/battleofcolor.com\/#\/schema\/logo\/image\/\",\"url\":\"https:\/\/battleofcolor.com\/wp-content\/uploads\/2017\/08\/cropped-cropped-cropped-logo.jpg\",\"contentUrl\":\"https:\/\/battleofcolor.com\/wp-content\/uploads\/2017\/08\/cropped-cropped-cropped-logo.jpg\",\"width\":200,\"height\":200,\"caption\":\"Battle Of Color\"},\"image\":{\"@id\":\"https:\/\/battleofcolor.com\/#\/schema\/logo\/image\/\"}}]}<\/script>\n<!-- \/ Yoast SEO plugin. -->","yoast_head_json":{"title":"Ressourcerie - Battle Of Color","robots":{"index":"index","follow":"follow","max-snippet":"max-snippet:-1","max-image-preview":"max-image-preview:large","max-video-preview":"max-video-preview:-1"},"canonical":"https:\/\/battleofcolor.com\/index.php\/ressourcerie\/","og_locale":"fr_FR","og_type":"article","og_title":"Ressourcerie - Battle Of Color","og_description":"Nous proposons du mat\u00e9riel pour accompagner les centres de loisirs dans leurs th\u00e9matiques. Que vous ayez besoin d&rsquo;images \u00e0 remplir, de dessins \u00e0 colorier, d&rsquo;objets grav\u00e9s ou autres. N&rsquo;h\u00e9sitez pas \u00e0 nous contacter pour nous faire part de votre projet. Ressourcerie Dessins \u00e0 colorier Nous proposons des centaines de dessins \u00e0 colorier suivant les th\u00e9matiques [&hellip;]","og_url":"https:\/\/battleofcolor.com\/index.php\/ressourcerie\/","og_site_name":"Battle Of Color","article_modified_time":"2024-01-01T17:34:05+00:00","og_image":[{"url":"https:\/\/battleofcolor.com\/wp-content\/uploads\/2024\/01\/monstre_marin_coloriage_ALSH-8.png"}],"twitter_card":"summary_large_image","schema":{"@context":"https:\/\/schema.org","@graph":[{"@type":"WebPage","@id":"https:\/\/battleofcolor.com\/index.php\/ressourcerie\/","url":"https:\/\/battleofcolor.com\/index.php\/ressourcerie\/","name":"Ressourcerie - Battle Of Color","isPartOf":{"@id":"https:\/\/battleofcolor.com\/#website"},"primaryImageOfPage":{"@id":"https:\/\/battleofcolor.com\/index.php\/ressourcerie\/#primaryimage"},"image":{"@id":"https:\/\/battleofcolor.com\/index.php\/ressourcerie\/#primaryimage"},"thumbnailUrl":"https:\/\/battleofcolor.com\/wp-content\/uploads\/2024\/01\/monstre_marin_coloriage_ALSH-8.png","datePublished":"2024-01-01T17:19:17+00:00","dateModified":"2024-01-01T17:34:05+00:00","breadcrumb":{"@id":"https:\/\/battleofcolor.com\/index.php\/ressourcerie\/#breadcrumb"},"inLanguage":"fr-FR","potentialAction":[{"@type":"ReadAction","target":["https:\/\/battleofcolor.com\/index.php\/ressourcerie\/"]}]},{"@type":"ImageObject","inLanguage":"fr-FR","@id":"https:\/\/battleofcolor.com\/index.php\/ressourcerie\/#primaryimage","url":"https:\/\/battleofcolor.com\/wp-content\/uploads\/2024\/01\/monstre_marin_coloriage_ALSH-8.png","contentUrl":"https:\/\/battleofcolor.com\/wp-content\/uploads\/2024\/01\/monstre_marin_coloriage_ALSH-8.png","width":1344,"height":896},{"@type":"BreadcrumbList","@id":"https:\/\/battleofcolor.com\/index.php\/ressourcerie\/#breadcrumb","itemListElement":[{"@type":"ListItem","position":1,"name":"Accueil","item":"https:\/\/battleofcolor.com\/"},{"@type":"ListItem","position":2,"name":"Ressourcerie"}]},{"@type":"WebSite","@id":"https:\/\/battleofcolor.com\/#website","url":"https:\/\/battleofcolor.com\/","name":"Battle Of Color","description":"Animations pour centres de loisirs et m\u00e9di\u00e9vales","publisher":{"@id":"https:\/\/battleofcolor.com\/#organization"},"potentialAction":[{"@type":"SearchAction","target":{"@type":"EntryPoint","urlTemplate":"https:\/\/battleofcolor.com\/?s={search_term_string}"},"query-input":{"@type":"PropertyValueSpecification","valueRequired":true,"valueName":"search_term_string"}}],"inLanguage":"fr-FR"},{"@type":"Organization","@id":"https:\/\/battleofcolor.com\/#organization","name":"Battle Of Color","url":"https:\/\/battleofcolor.com\/","logo":{"@type":"ImageObject","inLanguage":"fr-FR","@id":"https:\/\/battleofcolor.com\/#\/schema\/logo\/image\/","url":"https:\/\/battleofcolor.com\/wp-content\/uploads\/2017\/08\/cropped-cropped-cropped-logo.jpg","contentUrl":"https:\/\/battleofcolor.com\/wp-content\/uploads\/2017\/08\/cropped-cropped-cropped-logo.jpg","width":200,"height":200,"caption":"Battle Of Color"},"image":{"@id":"https:\/\/battleofcolor.com\/#\/schema\/logo\/image\/"}}]}},"_links":{"self":[{"href":"https:\/\/battleofcolor.com\/index.php\/wp-json\/wp\/v2\/pages\/1413"}],"collection":[{"href":"https:\/\/battleofcolor.com\/index.php\/wp-json\/wp\/v2\/pages"}],"about":[{"href":"https:\/\/battleofcolor.com\/index.php\/wp-json\/wp\/v2\/types\/page"}],"author":[{"embeddable":true,"href":"https:\/\/battleofcolor.com\/index.php\/wp-json\/wp\/v2\/users\/1"}],"replies":[{"embeddable":true,"href":"https:\/\/battleofcolor.com\/index.php\/wp-json\/wp\/v2\/comments?post=1413"}],"version-history":[{"count":5,"href":"https:\/\/battleofcolor.com\/index.php\/wp-json\/wp\/v2\/pages\/1413\/revisions"}],"predecessor-version":[{"id":1423,"href":"https:\/\/battleofcolor.com\/index.php\/wp-json\/wp\/v2\/pages\/1413\/revisions\/1423"}],"wp:attachment":[{"href":"https:\/\/battleofcolor.com\/index.php\/wp-json\/wp\/v2\/media?parent=1413"}],"curies":[{"name":"wp","href":"https:\/\/api.w.org\/{rel}","templated":true}]}}